{"id":21,"date":"2017-04-25T11:53:28","date_gmt":"2017-04-25T09:53:28","guid":{"rendered":"http:\/\/www.egzaminradcowski.pl\/?page_id=21"},"modified":"2021-02-08T10:38:04","modified_gmt":"2021-02-08T09:38:04","slug":"faq","status":"publish","type":"page","link":"https:\/\/www.egzaminradcowski.pl\/?page_id=21","title":{"rendered":"FAQ"},"content":{"rendered":"<p><strong>Jak znale\u017a\u0107 prace egzaminacyjne na swoim komputerze?<\/strong><\/p>\n<p>Pliki z Pa\u0144stwa pracami z egzaminu radcowskiego b\u0119d\u0105 zapisywa\u0107 si\u0119 na Pendrive z Ministerstwa Sprawiedliwo\u015bci oraz na komputerze w folderze TEMP.<\/p>\n<p>W celu znalezienia prac nale\u017cy:<br \/>\nWybra\u0107 z Menu START &#8211;&gt;<u> Wyszukaj programy i pliki <\/u>&#8211;&gt; wpisa\u0107 polecenie %temp% i wcisn\u0105\u0107 SZUKAJ (enter).<\/p>\n<p><strong>Dla ilu os\u00f3b b\u0119dzie udost\u0119pnione jedno stanowisko z systemem informacji prawnej?<\/strong><br \/>\nJedno stanowisko z systemem informacji prawnej i drukark\u0105 b\u0119dzie przypada\u0142o na ka\u017cde 5 os\u00f3b.<\/p>\n<p><strong>Gdzie nale\u017cy sk\u0142ada\u0107 dokumenty o dopuszczenie do egzaminu radcowskiego?<\/strong><br \/>\nDokumenty o dopuszczenie do egzaminu radcowskiego nale\u017cy sk\u0142ada\u0107 w siedzibie Rady Okr\u0119gowej Izby Radc\u00f3w Prawnych w Warszawie:<br \/>\n\u2022<strong> osobi\u015bcie<\/strong>, ul. \u017bytnia 15 lok. 8 (hol II, parter), w godz. <strong>10.00-16.00<\/strong><br \/>\n\u2022 <strong>poczt\u0105<\/strong>, ul. \u017bytnia 15 lok. 16, 01-014 Warszawa.<\/p>\n<p><strong>Do kogo nale\u017cy kierowa\u0107 wniosek o dopuszczenie do egzaminu radcowskiego?<\/strong><br \/>\nWniosek o dopuszczenie do egzaminu radcowskiego nale\u017cy kierowa\u0107 do:<br \/>\nPrzewodnicz\u0105cego Komisji Egzaminacyjnej do przeprowadzenia egzaminu radcowskiego z siedzib\u0105 w Warszawie lub do Komisji Egzaminacyjnej do przeprowadzenia egzaminu radcowskiego z siedzib\u0105 w Warszawie.<\/p>\n<p><strong>Czy dokumenty zwi\u0105zane z naborem na egzamin radcowski nale\u017cy sk\u0142ada\u0107 osobi\u015bcie?<\/strong><br \/>\nDokumenty mo\u017cna z\u0142o\u017cy\u0107 osobi\u015bcie, przez upowa\u017cnion\u0105 osob\u0119 lub przes\u0142a\u0107 poczt\u0105.<\/p>\n","protected":false},"excerpt":{"rendered":"<p>Jak znale\u017a\u0107 prace egzaminacyjne na swoim komputerze? Pliki z Pa\u0144stwa pracami z egzaminu radcowskiego b\u0119d\u0105 zapisywa\u0107 si\u0119 na Pendrive z Ministerstwa Sprawiedliwo\u015bci oraz na komputerze w folderze TEMP. W celu znalezienia prac nale\u017cy: Wybra\u0107 z Menu START &#8211;&gt; Wyszukaj programy i pliki &#8211;&gt; wpisa\u0107 polecenie %temp% i wcisn\u0105\u0107 SZUKAJ (enter). Dla ilu os\u00f3b b\u0119dzie udost\u0119pnione [&hellip;]<\/p>\n","protected":false},"author":1,"featured_media":0,"parent":0,"menu_order":0,"comment_status":"closed","ping_status":"closed","template":"","meta":{"footnotes":""},"class_list":["post-21","page","type-page","status-publish","hentry"],"_links":{"self":[{"href":"https:\/\/www.egzaminradcowski.pl\/index.php?rest_route=\/wp\/v2\/pages\/21","targetHints":{"allow":["GET"]}}],"collection":[{"href":"https:\/\/www.egzaminradcowski.pl\/index.php?rest_route=\/wp\/v2\/pages"}],"about":[{"href":"https:\/\/www.egzaminradcowski.pl\/index.php?rest_route=\/wp\/v2\/types\/page"}],"author":[{"embeddable":true,"href":"https:\/\/www.egzaminradcowski.pl\/index.php?rest_route=\/wp\/v2\/users\/1"}],"replies":[{"embeddable":true,"href":"https:\/\/www.egzaminradcowski.pl\/index.php?rest_route=%2Fwp%2Fv2%2Fcomments&post=21"}],"version-history":[{"count":5,"href":"https:\/\/www.egzaminradcowski.pl\/index.php?rest_route=\/wp\/v2\/pages\/21\/revisions"}],"predecessor-version":[{"id":516,"href":"https:\/\/www.egzaminradcowski.pl\/index.php?rest_route=\/wp\/v2\/pages\/21\/revisions\/516"}],"wp:attachment":[{"href":"https:\/\/www.egzaminradcowski.pl\/index.php?rest_route=%2Fwp%2Fv2%2Fmedia&parent=21"}],"curies":[{"name":"wp","href":"https:\/\/api.w.org\/{rel}","templated":true}]}}